{"id":18486,"date":"2024-11-04T13:39:37","date_gmt":"2024-11-04T13:39:37","guid":{"rendered":"https:\/\/jacheteaumaroc.com\/?page_id=18486"},"modified":"2024-11-29T13:26:03","modified_gmt":"2024-11-29T13:26:03","slug":"temoignages","status":"publish","type":"page","link":"https:\/\/jacheteaumaroc.com\/index.php\/temoignages\/","title":{"rendered":"TEMOIGNAGES"},"content":{"rendered":"\t\t<div data-elementor-type=\"wp-post\" data-elementor-id=\"18486\" class=\"elementor elementor-18486\">\n\t\t\t\t\t\t\t\t\t<section class=\"elementor-section elementor-top-section elementor-element elementor-element-3caeae1 elementor-section-boxed elementor-section-height-default elementor-section-height-default\" data-id=\"3caeae1\" data-element_type=\"section\">\n\t\t\t\t\t\t<div class=\"elementor-container elementor-column-gap-default\">\n\t\t\t\t\t<div class=\"elementor-column elementor-col-50 elementor-top-column elementor-element elementor-element-ebba234\" data-id=\"ebba234\" data-element_type=\"column\">\n\t\t\t<div class=\"elementor-widget-wrap elementor-element-populated\">\n\t\t\t\t\t\t\t\t<div class=\"elementor-element elementor-element-d5d7a37 animated-slow elementor-invisible elementor-widget elementor-widget-houzez_elementor_section_title\" data-id=\"d5d7a37\" data-element_type=\"widget\" data-settings=\"{&quot;_animation&quot;:&quot;fadeIn&quot;}\" data-widget_type=\"houzez_elementor_section_title.default\">\n\t\t\t\t<div class=\"elementor-widget-container\">\n\t\t\t            <div class=\"houzez_section_title_wrap section-title-module\">\n                                    <h2 class=\"houzez_section_title\">Nos clients parlent de nous <\/h2>\n                \n                            <\/div>\n            \t\t<\/div>\n\t\t\t\t<\/div>\n\t\t\t\t\t<\/div>\n\t\t<\/div>\n\t\t\t\t<div class=\"elementor-column elementor-col-50 elementor-top-column elementor-element elementor-element-277aa84\" data-id=\"277aa84\" data-element_type=\"column\">\n\t\t\t<div class=\"elementor-widget-wrap elementor-element-populated\">\n\t\t\t\t\t\t\t\t<div class=\"elementor-element elementor-element-6e41b9e elementor-widget elementor-widget-text-editor\" data-id=\"6e41b9e\" data-element_type=\"widget\" data-widget_type=\"text-editor.default\">\n\t\t\t\t<div class=\"elementor-widget-container\">\n\t\t\t<style>\/*! elementor - v3.12.2 - 23-04-2023 *\/\n.elementor-widget-text-editor.elementor-drop-cap-view-stacked .elementor-drop-cap{background-color:#69727d;color:#fff}.elementor-widget-text-editor.elementor-drop-cap-view-framed .elementor-drop-cap{color:#69727d;border:3px solid;background-color:transparent}.elementor-widget-text-editor:not(.elementor-drop-cap-view-default) .elementor-drop-cap{margin-top:8px}.elementor-widget-text-editor:not(.elementor-drop-cap-view-default) .elementor-drop-cap-letter{width:1em;height:1em}.elementor-widget-text-editor .elementor-drop-cap{float:left;text-align:center;line-height:1;font-size:50px}.elementor-widget-text-editor .elementor-drop-cap-letter{display:inline-block}<\/style>\t\t\t\t<p>T\u00e9moignages clients pour mettre en valeur le professionnalisme et l&#8217;accompagnement personnalis\u00e9 offerts par Jacheteaumaroc.<\/p>\t\t\t\t\t\t<\/div>\n\t\t\t\t<\/div>\n\t\t\t\t\t<\/div>\n\t\t<\/div>\n\t\t\t\t\t\t\t<\/div>\n\t\t<\/section>\n\t\t\t\t<section class=\"elementor-section elementor-top-section elementor-element elementor-element-9d3202d elementor-section-boxed elementor-section-height-default elementor-section-height-default\" data-id=\"9d3202d\" data-element_type=\"section\">\n\t\t\t\t\t\t<div class=\"elementor-container elementor-column-gap-default\">\n\t\t\t\t\t<div class=\"elementor-column elementor-col-100 elementor-top-column elementor-element elementor-element-0794892\" data-id=\"0794892\" data-element_type=\"column\">\n\t\t\t<div class=\"elementor-widget-wrap elementor-element-populated\">\n\t\t\t\t\t\t\t\t<div class=\"elementor-element elementor-element-4a17995 elementor-widget elementor-widget-houzez_elementor_testimonials_v2\" data-id=\"4a17995\" data-element_type=\"widget\" data-widget_type=\"houzez_elementor_testimonials_v2.default\">\n\t\t\t\t<div class=\"elementor-widget-container\">\n\t\t\t\n            <div class=\"testimonials-module testimonials-module-v2\">\n                <div class=\"row\">\n                    \n                            <div class=\"col-md-6 col-sm-12\">\n                                <div class=\"testimonial-item testimonial-item-v2\">\n\t<div class=\"testimonial-icon\">\n\t\t<i class=\"houzez-icon icon-close-quote\"><\/i>\n\t<\/div><!-- testimonial-icon -->\n\t<div class=\"testimonial-body\">\n\t\tUn accompagnement irr\u00e9prochable ! Gr\u00e2ce \u00e0 Jacheteaumaroc, j'ai pu r\u00e9aliser mon premier achat immobilier au Maroc en toute confiance. L'\u00e9quipe a \u00e9t\u00e9 \u00e0 l'\u00e9coute de mes besoins et m'a guid\u00e9 \u00e0 chaque \u00e9tape. Un service haut de gamme que je recommande vivement !\t<\/div><!-- testimonial-body -->\n\t<div class=\"d-flex align-items-center\">\n\t\t\n\t\t\t        <div class=\"testimonial-thumb\">\n\t            \t        <\/div>\n\t    \t\n\n\t\t<div class=\"testimonial-info\">\n\t\t\t <strong>Sofia El<\/strong><br>\n\t\t\t<em>\n\t\t\t\t            <\/em>\n\t\t<\/div><!-- testimonial-info -->\n\t<\/div><!-- d-flex -->\n<\/div><!-- testimonial-item -->                            <\/div>\n                    \n                            <div class=\"col-md-6 col-sm-12\">\n                                <div class=\"testimonial-item testimonial-item-v2\">\n\t<div class=\"testimonial-icon\">\n\t\t<i class=\"houzez-icon icon-close-quote\"><\/i>\n\t<\/div><!-- testimonial-icon -->\n\t<div class=\"testimonial-body\">\n\t\tUne \u00e9quipe experte et attentive.\u201d Jacheteaumaroc a fait de mon projet immobilier une exp\u00e9rience simple et s\u00e9curis\u00e9e. Le professionnalisme et l'expertise de l'\u00e9quipe m'ont donn\u00e9 l'assurance de faire un investissement solide. Merci pour cet excellent accompagnement !\t<\/div><!-- testimonial-body -->\n\t<div class=\"d-flex align-items-center\">\n\t\t\n\t\t\t        <div class=\"testimonial-thumb\">\n\t            \t        <\/div>\n\t    \t\n\n\t\t<div class=\"testimonial-info\">\n\t\t\t <strong>Rachid BE<\/strong><br>\n\t\t\t<em>\n\t\t\t\t            <\/em>\n\t\t<\/div><!-- testimonial-info -->\n\t<\/div><!-- d-flex -->\n<\/div><!-- testimonial-item -->                            <\/div>\n                    \n                            <div class=\"col-md-6 col-sm-12\">\n                                <div class=\"testimonial-item testimonial-item-v2\">\n\t<div class=\"testimonial-icon\">\n\t\t<i class=\"houzez-icon icon-close-quote\"><\/i>\n\t<\/div><!-- testimonial-icon -->\n\t<div class=\"testimonial-body\">\n\t\tTrouver la bonne propri\u00e9t\u00e9 au Maroc peut \u00eatre compliqu\u00e9, mais avec Jacheteaumaroc, tout s\u2019est pass\u00e9 sans accroc. L\u2019\u00e9quipe est d\u2019une r\u00e9activit\u00e9 et d\u2019un savoir-faire exceptionnels. Une solution id\u00e9ale pour acheter en toute s\u00e9r\u00e9nit\u00e9.\t<\/div><!-- testimonial-body -->\n\t<div class=\"d-flex align-items-center\">\n\t\t\n\t\t\t        <div class=\"testimonial-thumb\">\n\t            \t        <\/div>\n\t    \t\n\n\t\t<div class=\"testimonial-info\">\n\t\t\t <strong>Le\u00efla ME<\/strong><br>\n\t\t\t<em>\n\t\t\t\t            <\/em>\n\t\t<\/div><!-- testimonial-info -->\n\t<\/div><!-- d-flex -->\n<\/div><!-- testimonial-item -->                            <\/div>\n                    \n                            <div class=\"col-md-6 col-sm-12\">\n                                <div class=\"testimonial-item testimonial-item-v2\">\n\t<div class=\"testimonial-icon\">\n\t\t<i class=\"houzez-icon icon-close-quote\"><\/i>\n\t<\/div><!-- testimonial-icon -->\n\t<div class=\"testimonial-body\">\n\t\tExcellence et proximit\u00e9 ! Jacheteaumaroc a su combiner expertise et approche personnalis\u00e9e. J\u2019ai particuli\u00e8rement appr\u00e9ci\u00e9 la qualit\u00e9 de leur accompagnement, avec des conseils pr\u00e9cis et adapt\u00e9s \u00e0 mes besoins. Je recommande sans h\u00e9siter !\t<\/div><!-- testimonial-body -->\n\t<div class=\"d-flex align-items-center\">\n\t\t\n\t\t\t\n\n\t\t<div class=\"testimonial-info\">\n\t\t\t <strong>Amine TO<\/strong><br>\n\t\t\t<em>\n\t\t\t\t            <\/em>\n\t\t<\/div><!-- testimonial-info -->\n\t<\/div><!-- d-flex -->\n<\/div><!-- testimonial-item -->                            <\/div>\n                                    <\/div>\n            <\/div><!-- testimonials-module -->\n\n        \n\n        \t\t<\/div>\n\t\t\t\t<\/div>\n\t\t\t\t\t<\/div>\n\t\t<\/div>\n\t\t\t\t\t\t\t<\/div>\n\t\t<\/section>\n\t\t\t\t<section class=\"elementor-section elementor-top-section elementor-element elementor-element-664e86f elementor-section-boxed elementor-section-height-default elementor-section-height-default\" data-id=\"664e86f\" data-element_type=\"section\">\n\t\t\t\t\t\t<div class=\"elementor-container elementor-column-gap-default\">\n\t\t\t\t\t<div class=\"elementor-column elementor-col-50 elementor-top-column elementor-element elementor-element-373e640\" data-id=\"373e640\" data-element_type=\"column\">\n\t\t\t<div class=\"elementor-widget-wrap elementor-element-populated\">\n\t\t\t\t\t\t\t\t<div class=\"elementor-element elementor-element-7189be4 animated-slow elementor-invisible elementor-widget elementor-widget-houzez_elementor_section_title\" data-id=\"7189be4\" data-element_type=\"widget\" data-settings=\"{&quot;_animation&quot;:&quot;fadeIn&quot;}\" data-widget_type=\"houzez_elementor_section_title.default\">\n\t\t\t\t<div class=\"elementor-widget-container\">\n\t\t\t            <div class=\"houzez_section_title_wrap section-title-module\">\n                                    <h2 class=\"houzez_section_title\">La presse parle de nous <\/h2>\n                \n                            <\/div>\n            \t\t<\/div>\n\t\t\t\t<\/div>\n\t\t\t\t\t<\/div>\n\t\t<\/div>\n\t\t\t\t<div class=\"elementor-column elementor-col-50 elementor-top-column elementor-element elementor-element-20c32cc\" data-id=\"20c32cc\" data-element_type=\"column\">\n\t\t\t<div class=\"elementor-widget-wrap elementor-element-populated\">\n\t\t\t\t\t\t\t\t<div class=\"elementor-element elementor-element-61aa366 elementor-widget elementor-widget-text-editor\" data-id=\"61aa366\" data-element_type=\"widget\" data-widget_type=\"text-editor.default\">\n\t\t\t\t<div class=\"elementor-widget-container\">\n\t\t\t\t\t\t\t<p>Des Experts de la Presse Soulignent Notre Expertise D\u00e9couvrez Comment Nous Fa\u00e7onnons le March\u00e9 Immobilier.<\/p>\t\t\t\t\t\t<\/div>\n\t\t\t\t<\/div>\n\t\t\t\t\t<\/div>\n\t\t<\/div>\n\t\t\t\t\t\t\t<\/div>\n\t\t<\/section>\n\t\t\t\t<section class=\"elementor-section elementor-top-section elementor-element elementor-element-add2fa9 elementor-section-boxed elementor-section-height-default elementor-section-height-default\" data-id=\"add2fa9\" data-element_type=\"section\">\n\t\t\t\t\t\t<div class=\"elementor-container elementor-column-gap-default\">\n\t\t\t\t\t<div class=\"elementor-column elementor-col-100 elementor-top-column elementor-element elementor-element-b064d2a\" data-id=\"b064d2a\" data-element_type=\"column\">\n\t\t\t<div class=\"elementor-widget-wrap elementor-element-populated\">\n\t\t\t\t\t\t\t\t<div class=\"elementor-element elementor-element-4927340 elementor-widget elementor-widget-houzez_elementor_blog_posts\" data-id=\"4927340\" data-element_type=\"widget\" data-widget_type=\"houzez_elementor_blog_posts.default\">\n\t\t\t\t<div class=\"elementor-widget-container\">\n\t\t\t\n        <div class=\"blog-posts-module blog-posts-module-v1\">\n            <div class=\"row module-row\">\n                                    <div class=\"col-lg-3 col-md-6\">\n                        <div id=\"post-629\" class=\"blog-post-item blog-post-item-v1 post-629 post type-post status-publish format-standard has-post-thumbnail hentry category-business\">\n\t\n\t\t<div class=\"blog-post-thumb\">\n\t\t<a href=\"https:\/\/jacheteaumaroc.com\/index.php\/2023\/03\/09\/marrakech-parmi-les-20-villes-a-visiter-en-2020-selon-forbes-2\/\" class=\"hover-effect\">\n\t\t\t<img loading=\"lazy\" decoding=\"async\" width=\"758\" height=\"564\" src=\"https:\/\/jacheteaumaroc.com\/wp-content\/uploads\/2016\/01\/inner-pool-1-758x564.jpg\" class=\"img-fluid wp-post-image\" alt=\"\" srcset=\"https:\/\/jacheteaumaroc.com\/wp-content\/uploads\/2016\/01\/inner-pool-1-758x564.jpg 758w, https:\/\/jacheteaumaroc.com\/wp-content\/uploads\/2016\/01\/inner-pool-1-120x90.jpg 120w\" sizes=\"auto, (max-width: 758px) 100vw, 758px\" \/>\t\t<\/a>\n\t<\/div><!-- blog-post-thumb -->\n\t\n\t<div class=\"blog-post-content-wrap\">\n\t\t<div class=\"blog-post-meta\">\n\t\t\t<ul class=\"list-inline\">\n\t\t\t\t\n\t\t\t\t\n\t\t\t<\/ul>\n\t\t<\/div><!-- blog-post-meta -->\n\t\t<div class=\"blog-post-title\">\n\t\t\t<h3><a href=\"https:\/\/jacheteaumaroc.com\/index.php\/2023\/03\/09\/marrakech-parmi-les-20-villes-a-visiter-en-2020-selon-forbes-2\/\">Pourquoi Jacheteaumaroc ?<\/a><\/h3>\n\t\t<\/div><!-- blog-post-title -->\n\t\t<div class=\"blog-post-body\">\n\t\t\t2 \/ 2 Dans un march\u00e9 immobilier en pleine expansion au Maroc, choisir un partenaire de...\t\t<\/div><!-- blog-post-body -->\n\t\t<div class=\"blog-post-link\">\n\t\t\t<a href=\"https:\/\/jacheteaumaroc.com\/index.php\/2023\/03\/09\/marrakech-parmi-les-20-villes-a-visiter-en-2020-selon-forbes-2\/\"><\/a>\n\t\t<\/div><!-- blog-post-link -->\n\t<\/div><!-- blog-post-content-wrap -->\n\t<\/div><!-- blog-post-item -->                    <\/div>\n                                    <div class=\"col-lg-3 col-md-6\">\n                        <div id=\"post-627\" class=\"blog-post-item blog-post-item-v1 post-627 post type-post status-publish format-standard has-post-thumbnail hentry category-construction\">\n\t\n\t\t<div class=\"blog-post-thumb\">\n\t\t<a href=\"https:\/\/jacheteaumaroc.com\/index.php\/2023\/03\/09\/marrakech-parmi-les-20-villes-a-visiter-en-2020-selon-forbes\/\" class=\"hover-effect\">\n\t\t\t<img loading=\"lazy\" decoding=\"async\" width=\"758\" height=\"564\" src=\"https:\/\/jacheteaumaroc.com\/wp-content\/uploads\/2023\/05\/slide1-758x564.jpeg\" class=\"img-fluid wp-post-image\" alt=\"\" srcset=\"https:\/\/jacheteaumaroc.com\/wp-content\/uploads\/2023\/05\/slide1-758x564.jpeg 758w, https:\/\/jacheteaumaroc.com\/wp-content\/uploads\/2023\/05\/slide1-120x90.jpeg 120w\" sizes=\"auto, (max-width: 758px) 100vw, 758px\" \/>\t\t<\/a>\n\t<\/div><!-- blog-post-thumb -->\n\t\n\t<div class=\"blog-post-content-wrap\">\n\t\t<div class=\"blog-post-meta\">\n\t\t\t<ul class=\"list-inline\">\n\t\t\t\t\n\t\t\t\t\n\t\t\t<\/ul>\n\t\t<\/div><!-- blog-post-meta -->\n\t\t<div class=\"blog-post-title\">\n\t\t\t<h3><a href=\"https:\/\/jacheteaumaroc.com\/index.php\/2023\/03\/09\/marrakech-parmi-les-20-villes-a-visiter-en-2020-selon-forbes\/\">Marrakech Parmi Les 20 Villes \u00c0 Visiter En 2024 Selon Forbes<\/a><\/h3>\n\t\t<\/div><!-- blog-post-title -->\n\t\t<div class=\"blog-post-body\">\n\t\t\tMarrakech\u00a0est incontestablement l\u2019une des\u00a0destinations \u00e0 visiter en 2024, selon un r\u00e9cent...\t\t<\/div><!-- blog-post-body -->\n\t\t<div class=\"blog-post-link\">\n\t\t\t<a href=\"https:\/\/jacheteaumaroc.com\/index.php\/2023\/03\/09\/marrakech-parmi-les-20-villes-a-visiter-en-2020-selon-forbes\/\"><\/a>\n\t\t<\/div><!-- blog-post-link -->\n\t<\/div><!-- blog-post-content-wrap -->\n\t<\/div><!-- blog-post-item -->                    <\/div>\n                                    <div class=\"col-lg-3 col-md-6\">\n                        <div id=\"post-625\" class=\"blog-post-item blog-post-item-v1 post-625 post type-post status-publish format-standard has-post-thumbnail hentry category-jacheteaumaroc\">\n\t\n\t\t<div class=\"blog-post-thumb\">\n\t\t<a href=\"https:\/\/jacheteaumaroc.com\/index.php\/2023\/03\/09\/5-raisons-dacheter-une-propriete-a-marrakech\/\" class=\"hover-effect\">\n\t\t\t<img loading=\"lazy\" decoding=\"async\" width=\"700\" height=\"450\" src=\"https:\/\/jacheteaumaroc.com\/wp-content\/uploads\/2023\/05\/Salon-de-limmobilier-700x450-1.jpeg\" class=\"img-fluid wp-post-image\" alt=\"\" srcset=\"https:\/\/jacheteaumaroc.com\/wp-content\/uploads\/2023\/05\/Salon-de-limmobilier-700x450-1.jpeg 700w, https:\/\/jacheteaumaroc.com\/wp-content\/uploads\/2023\/05\/Salon-de-limmobilier-700x450-1-300x193.jpeg 300w, https:\/\/jacheteaumaroc.com\/wp-content\/uploads\/2023\/05\/Salon-de-limmobilier-700x450-1-496x319.jpeg 496w\" sizes=\"auto, (max-width: 700px) 100vw, 700px\" \/>\t\t<\/a>\n\t<\/div><!-- blog-post-thumb -->\n\t\n\t<div class=\"blog-post-content-wrap\">\n\t\t<div class=\"blog-post-meta\">\n\t\t\t<ul class=\"list-inline\">\n\t\t\t\t\n\t\t\t\t\n\t\t\t<\/ul>\n\t\t<\/div><!-- blog-post-meta -->\n\t\t<div class=\"blog-post-title\">\n\t\t\t<h3><a href=\"https:\/\/jacheteaumaroc.com\/index.php\/2023\/03\/09\/5-raisons-dacheter-une-propriete-a-marrakech\/\">5 raisons d&#8217;acheter une propri\u00e9t\u00e9 \u00e0 Marrakech<\/a><\/h3>\n\t\t<\/div><!-- blog-post-title -->\n\t\t<div class=\"blog-post-body\">\n\t\t\tVous cherchez \u00e0 investir dans l'immobilier au Maroc ? Marrakech est une ville vibrante et...\t\t<\/div><!-- blog-post-body -->\n\t\t<div class=\"blog-post-link\">\n\t\t\t<a href=\"https:\/\/jacheteaumaroc.com\/index.php\/2023\/03\/09\/5-raisons-dacheter-une-propriete-a-marrakech\/\"><\/a>\n\t\t<\/div><!-- blog-post-link -->\n\t<\/div><!-- blog-post-content-wrap -->\n\t<\/div><!-- blog-post-item -->                    <\/div>\n                                    <div class=\"col-lg-3 col-md-6\">\n                        <div id=\"post-623\" class=\"blog-post-item blog-post-item-v1 post-623 post type-post status-publish format-standard has-post-thumbnail hentry category-jacheteaumaroc\">\n\t\n\t\t<div class=\"blog-post-thumb\">\n\t\t<a href=\"https:\/\/jacheteaumaroc.com\/index.php\/2023\/03\/09\/guide-de-lacheteur-immobilier-a-marrakech\/\" class=\"hover-effect\">\n\t\t\t<img loading=\"lazy\" decoding=\"async\" width=\"550\" height=\"400\" src=\"https:\/\/jacheteaumaroc.com\/wp-content\/uploads\/2016\/03\/imo.jpeg\" class=\"img-fluid wp-post-image\" alt=\"\" srcset=\"https:\/\/jacheteaumaroc.com\/wp-content\/uploads\/2016\/03\/imo.jpeg 550w, https:\/\/jacheteaumaroc.com\/wp-content\/uploads\/2016\/03\/imo-300x218.jpeg 300w, https:\/\/jacheteaumaroc.com\/wp-content\/uploads\/2016\/03\/imo-496x361.jpeg 496w\" sizes=\"auto, (max-width: 550px) 100vw, 550px\" \/>\t\t<\/a>\n\t<\/div><!-- blog-post-thumb -->\n\t\n\t<div class=\"blog-post-content-wrap\">\n\t\t<div class=\"blog-post-meta\">\n\t\t\t<ul class=\"list-inline\">\n\t\t\t\t\n\t\t\t\t\n\t\t\t<\/ul>\n\t\t<\/div><!-- blog-post-meta -->\n\t\t<div class=\"blog-post-title\">\n\t\t\t<h3><a href=\"https:\/\/jacheteaumaroc.com\/index.php\/2023\/03\/09\/guide-de-lacheteur-immobilier-a-marrakech\/\">Guide de l&#8217;acheteur immobilier \u00e0 Marrakech<\/a><\/h3>\n\t\t<\/div><!-- blog-post-title -->\n\t\t<div class=\"blog-post-body\">\n\t\t\tSi vous envisagez d'acheter une propri\u00e9t\u00e9 \u00e0 Marrakech, il est important de comprendre...\t\t<\/div><!-- blog-post-body -->\n\t\t<div class=\"blog-post-link\">\n\t\t\t<a href=\"https:\/\/jacheteaumaroc.com\/index.php\/2023\/03\/09\/guide-de-lacheteur-immobilier-a-marrakech\/\"><\/a>\n\t\t<\/div><!-- blog-post-link -->\n\t<\/div><!-- blog-post-content-wrap -->\n\t<\/div><!-- blog-post-item -->                    <\/div>\n                            <\/div>\n        <\/div>\n\n        \t\t<\/div>\n\t\t\t\t<\/div>\n\t\t\t\t\t<\/div>\n\t\t<\/div>\n\t\t\t\t\t\t\t<\/div>\n\t\t<\/section>\n\t\t\t\t<section class=\"elementor-section elementor-top-section elementor-element elementor-element-83d129c elementor-section-boxed elementor-section-height-default elementor-section-height-default\" data-id=\"83d129c\" data-element_type=\"section\">\n\t\t\t\t\t\t<div class=\"elementor-container elementor-column-gap-default\">\n\t\t\t\t\t<div class=\"elementor-column elementor-col-100 elementor-top-column elementor-element elementor-element-54ed6e3\" data-id=\"54ed6e3\" data-element_type=\"column\">\n\t\t\t<div class=\"elementor-widget-wrap elementor-element-populated\">\n\t\t\t\t\t\t\t\t<div class=\"elementor-element elementor-element-7601599 elementor-align-center elementor-widget elementor-widget-button\" data-id=\"7601599\" data-element_type=\"widget\" data-widget_type=\"button.default\">\n\t\t\t\t<div class=\"elementor-widget-container\">\n\t\t\t\t\t<div class=\"elementor-button-wrapper\">\n\t\t\t<a href=\"https:\/\/jacheteaumaroc.com\/index.php\/blog\/\" class=\"elementor-button-link elementor-button elementor-size-md\" role=\"button\">\n\t\t\t\t\t\t<span class=\"elementor-button-content-wrapper\">\n\t\t\t\t\t\t<span class=\"elementor-button-text\">En avoir Plus <\/span>\n\t\t<\/span>\n\t\t\t\t\t<\/a>\n\t\t<\/div>\n\t\t\t\t<\/div>\n\t\t\t\t<\/div>\n\t\t\t\t\t<\/div>\n\t\t<\/div>\n\t\t\t\t\t\t\t<\/div>\n\t\t<\/section>\n\t\t\t\t\t\t\t<\/div>\n\t\t","protected":false},"excerpt":{"rendered":"<p>Nos clients parlent de nous T\u00e9moignages clients pour mettre en valeur le professionnalisme et l&#8217;accompagnement personnalis\u00e9 offerts par Jacheteaumaroc. Un accompagnement irr\u00e9prochable ! Gr\u00e2ce \u00e0 Jacheteaumaroc, j&#8217;ai pu r\u00e9aliser mon premier achat immobilier au Maroc en toute confiance. L&#8217;\u00e9quipe a \u00e9t\u00e9 \u00e0 l&#8217;\u00e9coute de mes besoins et m&#8217;a guid\u00e9 \u00e0 chaque \u00e9tape. Un service haut [&hellip;]<\/p>\n","protected":false},"author":2,"featured_media":0,"parent":0,"menu_order":0,"comment_status":"closed","ping_status":"closed","template":"elementor_header_footer","meta":{"_mi_skip_tracking":false,"footnotes":""},"class_list":["post-18486","page","type-page","status-publish","hentry"],"aioseo_notices":[],"_links":{"self":[{"href":"https:\/\/jacheteaumaroc.com\/index.php\/wp-json\/wp\/v2\/pages\/18486","targetHints":{"allow":["GET"]}}],"collection":[{"href":"https:\/\/jacheteaumaroc.com\/index.php\/wp-json\/wp\/v2\/pages"}],"about":[{"href":"https:\/\/jacheteaumaroc.com\/index.php\/wp-json\/wp\/v2\/types\/page"}],"author":[{"embeddable":true,"href":"https:\/\/jacheteaumaroc.com\/index.php\/wp-json\/wp\/v2\/users\/2"}],"replies":[{"embeddable":true,"href":"https:\/\/jacheteaumaroc.com\/index.php\/wp-json\/wp\/v2\/comments?post=18486"}],"version-history":[{"count":13,"href":"https:\/\/jacheteaumaroc.com\/index.php\/wp-json\/wp\/v2\/pages\/18486\/revisions"}],"predecessor-version":[{"id":18500,"href":"https:\/\/jacheteaumaroc.com\/index.php\/wp-json\/wp\/v2\/pages\/18486\/revisions\/18500"}],"wp:attachment":[{"href":"https:\/\/jacheteaumaroc.com\/index.php\/wp-json\/wp\/v2\/media?parent=18486"}],"curies":[{"name":"wp","href":"https:\/\/api.w.org\/{rel}","templated":true}]}}